{"id":16,"date":"2022-04-19T17:25:39","date_gmt":"2022-04-19T15:25:39","guid":{"rendered":"https:\/\/www.presenceasoi-delchambre.be\/WP\/?page_id=16"},"modified":"2024-10-21T14:40:49","modified_gmt":"2024-10-21T12:40:49","slug":"contact-et-inscription-pour-info-sur-les-activites","status":"publish","type":"page","link":"https:\/\/www.presenceasoi-delchambre.be\/WP\/contact-et-inscription-pour-info-sur-les-activites\/","title":{"rendered":"Contact et inscription pour info sur les activit\u00e9s"},"content":{"rendered":"\n<div style=\"height:100px\" aria-hidden=\"true\" class=\"wp-block-spacer\"><\/div>\n\n\n\n<div class=\"wp-block-columns is-layout-flex wp-container-core-columns-is-layout-9d6595d7 wp-block-columns-is-layout-flex\">\n<div class=\"wp-block-column is-layout-flow wp-block-column-is-layout-flow\">\n<p>Vous avez une question?<br>Vous cherchez des informations?<br>Vous voulez me contacter?<\/p>\n\n\n\n<p class=\"has-vivid-cyan-blue-color has-text-color\"><a href=\"mailto:presenceasoi.delchambre@gmail.com\" data-type=\"mailto\" data-id=\"mailto:presenceasoi.delchambre@gmail.com\"><strong><em>Envoyez-moi un email&#8230;<\/em><\/strong><\/a><\/p>\n<\/div>\n\n\n\n<div class=\"wp-block-column is-layout-flow wp-block-column-is-layout-flow\">\n<p class=\"has-text-align-right\">Vous d\u00e9sirez \u00eatre tenu.e au courant de mes activit\u00e9s?<\/p>\n\n\n\n<p class=\"has-text-align-right\"><strong><em><a rel=\"noreferrer noopener\" href=\"https:\/\/www.presenceasoi-delchambre.be\/WP\/newsletter\/\" data-type=\"URL\" data-id=\"https:\/\/www.presenceasoi-delchambre.be\/WP\/newsletter\/\" target=\"_blank\">I<\/a><\/em><\/strong><em><strong><a rel=\"noreferrer noopener\" href=\"https:\/\/www.presenceasoi-delchambre.be\/WP\/newsletter\/\" data-type=\"URL\" data-id=\"https:\/\/www.presenceasoi-delchambre.be\/WP\/newsletter\/\" target=\"_blank\">nscrivez-vous \u00e0 ma newsletter&#8230;<\/a><\/strong><\/em><\/p>\n\n\n\n<p class=\"has-text-align-right\" style=\"font-size:10px\">Si vous d\u00e9sirez vous d\u00e9sinscrire, <a href=\"mailto:presence\u00e0soi.delchambre@gmail.com\" data-type=\"mailto\" data-id=\"mailto:presence\u00e0soi.delchambre@gmail.com\">contactez-moi<\/a><\/p>\n<\/div>\n<\/div>\n\n\n\n<div style=\"height:100px\" aria-hidden=\"true\" class=\"wp-block-spacer\"><\/div>\n\n\n\n<div style=\"height:311px\" aria-hidden=\"true\" class=\"wp-block-spacer\"><\/div>\n","protected":false},"excerpt":{"rendered":"<p>Vous avez une question?Vous cherchez des informations?Vous voulez me contacter? Envoyez-moi un email&#8230; Vous d\u00e9sirez \u00eatre tenu.e au courant de mes activit\u00e9s? Inscrivez-vous \u00e0 ma&hellip;<\/p>\n","protected":false},"author":1,"featured_media":0,"parent":0,"menu_order":0,"comment_status":"closed","ping_status":"closed","template":"","meta":{"footnotes":""},"class_list":["post-16","page","type-page","status-publish","hentry"],"_links":{"self":[{"href":"https:\/\/www.presenceasoi-delchambre.be\/WP\/wp-json\/wp\/v2\/pages\/16","targetHints":{"allow":["GET"]}}],"collection":[{"href":"https:\/\/www.presenceasoi-delchambre.be\/WP\/wp-json\/wp\/v2\/pages"}],"about":[{"href":"https:\/\/www.presenceasoi-delchambre.be\/WP\/wp-json\/wp\/v2\/types\/page"}],"author":[{"embeddable":true,"href":"https:\/\/www.presenceasoi-delchambre.be\/WP\/wp-json\/wp\/v2\/users\/1"}],"replies":[{"embeddable":true,"href":"https:\/\/www.presenceasoi-delchambre.be\/WP\/wp-json\/wp\/v2\/comments?post=16"}],"version-history":[{"count":11,"href":"https:\/\/www.presenceasoi-delchambre.be\/WP\/wp-json\/wp\/v2\/pages\/16\/revisions"}],"predecessor-version":[{"id":369,"href":"https:\/\/www.presenceasoi-delchambre.be\/WP\/wp-json\/wp\/v2\/pages\/16\/revisions\/369"}],"wp:attachment":[{"href":"https:\/\/www.presenceasoi-delchambre.be\/WP\/wp-json\/wp\/v2\/media?parent=16"}],"curies":[{"name":"wp","href":"https:\/\/api.w.org\/{rel}","templated":true}]}}