{"id":14,"date":"2022-04-19T17:24:29","date_gmt":"2022-04-19T15:24:29","guid":{"rendered":"https:\/\/www.presenceasoi-delchambre.be\/WP\/?page_id=14"},"modified":"2024-11-19T15:17:59","modified_gmt":"2024-11-19T14:17:59","slug":"qui-suis-je","status":"publish","type":"page","link":"https:\/\/www.presenceasoi-delchambre.be\/WP\/qui-suis-je\/","title":{"rendered":"Qui suis-je?"},"content":{"rendered":"\n<p>Je pratique la m\u00e9ditation depuis plus de 10 ans, profitant de ses bienfaits au quotidien, en particulier pour vivre au mieux avec la douleur chronique. Et en 2018, j\u2019ai d\u00e9couvert le plaisir de partager mon exp\u00e9rience et de guider des m\u00e9ditations pour des connaissances, des coll\u00e8gues de travail ou encore des personnes souffrant de maladies chroniques.<\/p>\n\n\n\n<p>En 2020, j\u2019ai valid\u00e9 un certificat universitaire en deux ans \u00e0 l&rsquo;Universit\u00e9 Libre de Bruxelles me permettant de proposer le programme de r\u00e9duction du stress par la Pleine Conscience (MBSR).<\/p>\n\n\n\n<p>Et fin 2021, j\u2019ai termin\u00e9 une sp\u00e9cialisation dans le soutien aux personnes souffrant de douleurs chroniques et\/ou de probl\u00e8mes de sant\u00e9. Ce programme est enseign\u00e9 par Breathworks et se nomme MBPM (Mindfulness-Based Pain Management).<\/p>\n\n\n\n<p>Je suis \u00e9galement membre de l&rsquo;Association Belge Francophone de la M\u00e9ditation (<a href=\"http:\/\/www.abfm.be\/\" target=\"_blank\" rel=\"noreferrer noopener\">ABFM<\/a>)&nbsp;<\/p>\n\n\n\n<p>Apr\u00e8s 26 ans de recherche m\u00e9dicale, je me suis r\u00e9orient\u00e9e professionnellement. Forte de mon exp\u00e9rience comme b\u00e9n\u00e9vole dans une association de patients atteints d&rsquo;une maladie rare, j&rsquo;ai rejoint, depuis 2018, une f\u00e9d\u00e9ration d\u2019associations de patients, toutes concern\u00e9es par des probl\u00e9matiques de sant\u00e9. <\/p>\n\n\n\n<div style=\"height:31px\" aria-hidden=\"true\" class=\"wp-block-spacer\"><\/div>\n\n\n<div class=\"wp-block-image\">\n<figure class=\"aligncenter size-large\"><img loading=\"lazy\" decoding=\"async\" width=\"1024\" height=\"384\" src=\"https:\/\/www.presenceasoi-delchambre.be\/WP\/wp-content\/uploads\/2022\/04\/Inde-Nepal-2017-2959-1024x384.jpg\" alt=\"\" class=\"wp-image-73\" srcset=\"https:\/\/www.presenceasoi-delchambre.be\/WP\/wp-content\/uploads\/2022\/04\/Inde-Nepal-2017-2959-1024x384.jpg 1024w, https:\/\/www.presenceasoi-delchambre.be\/WP\/wp-content\/uploads\/2022\/04\/Inde-Nepal-2017-2959-300x113.jpg 300w, https:\/\/www.presenceasoi-delchambre.be\/WP\/wp-content\/uploads\/2022\/04\/Inde-Nepal-2017-2959-768x288.jpg 768w, https:\/\/www.presenceasoi-delchambre.be\/WP\/wp-content\/uploads\/2022\/04\/Inde-Nepal-2017-2959.jpg 1200w\" sizes=\"auto, (max-width: 1024px) 100vw, 1024px\" \/><\/figure>\n<\/div>","protected":false},"excerpt":{"rendered":"<p>Je pratique la m\u00e9ditation depuis plus de 10 ans, profitant de ses bienfaits au quotidien, en particulier pour vivre au mieux avec la douleur chronique.&hellip;<\/p>\n","protected":false},"author":1,"featured_media":0,"parent":0,"menu_order":0,"comment_status":"closed","ping_status":"closed","template":"","meta":{"footnotes":""},"class_list":["post-14","page","type-page","status-publish","hentry"],"_links":{"self":[{"href":"https:\/\/www.presenceasoi-delchambre.be\/WP\/wp-json\/wp\/v2\/pages\/14","targetHints":{"allow":["GET"]}}],"collection":[{"href":"https:\/\/www.presenceasoi-delchambre.be\/WP\/wp-json\/wp\/v2\/pages"}],"about":[{"href":"https:\/\/www.presenceasoi-delchambre.be\/WP\/wp-json\/wp\/v2\/types\/page"}],"author":[{"embeddable":true,"href":"https:\/\/www.presenceasoi-delchambre.be\/WP\/wp-json\/wp\/v2\/users\/1"}],"replies":[{"embeddable":true,"href":"https:\/\/www.presenceasoi-delchambre.be\/WP\/wp-json\/wp\/v2\/comments?post=14"}],"version-history":[{"count":8,"href":"https:\/\/www.presenceasoi-delchambre.be\/WP\/wp-json\/wp\/v2\/pages\/14\/revisions"}],"predecessor-version":[{"id":528,"href":"https:\/\/www.presenceasoi-delchambre.be\/WP\/wp-json\/wp\/v2\/pages\/14\/revisions\/528"}],"wp:attachment":[{"href":"https:\/\/www.presenceasoi-delchambre.be\/WP\/wp-json\/wp\/v2\/media?parent=14"}],"curies":[{"name":"wp","href":"https:\/\/api.w.org\/{rel}","templated":true}]}}