{"id":12,"date":"2022-04-19T17:23:46","date_gmt":"2022-04-19T15:23:46","guid":{"rendered":"https:\/\/www.presenceasoi-delchambre.be\/WP\/?page_id=12"},"modified":"2023-01-02T17:24:40","modified_gmt":"2023-01-02T16:24:40","slug":"agenda","status":"publish","type":"page","link":"https:\/\/www.presenceasoi-delchambre.be\/WP\/agenda\/","title":{"rendered":"Agenda"},"content":{"rendered":"\n<p class=\"has-text-align-center\"><div class=\"mec-wrap mec-skin-list-container  \" id=\"mec_skin_222\">\r\n    \r\n    \r\n            <div class=\"mec-skin-list-events-container\" id=\"mec_skin_events_222\">\r\n        <div class=\"mec-wrap colorskin-custom\">\r\n\t<div class=\"mec-event-list-accordion\">\r\n\t\t\r\n                        <div class=\"mec-month-divider\" data-toggle-divider=\"mec-toggle-202605-222\"><span>mai 2026<\/span><i class=\"mec-sl-arrow-down\"><\/i><\/div>\r\n            \r\n                        <article class=\"mec-event-article  mec-clear  mec-divider-toggle mec-toggle-202605-222\">\r\n                                    <!-- toggles wrap start -->\r\n                    <div class=\"mec-events-toggle\">\r\n                        <!-- toggle item start -->\r\n                        <div class=\"mec-toggle-item\">\r\n                            <div class=\"mec-toggle-item-inner\" tabindex=\"0\">\r\n                                                                <div class=\"mec-toggle-item-col\">\r\n                                                                            <div class=\"mec-event-month\"><span class=\"mec-start-date-label\" itemprop=\"startDate\">11 mai<\/span><\/div>\r\n                                                                        <div class=\"mec-time-details\"><span class=\"mec-start-time\">18h00<\/span> - <span class=\"mec-end-time\">19h00<\/span><\/div>                                <\/div>\r\n                                <h3 class=\"mec-toggle-title\">Atelier de m\u00e9ditation Pleine Conscience<span class=\"event-color\" style=\"background: #92db39\"><\/span><\/h3>\r\n                                                                <i class=\"mec-sl-arrow-down\"><\/i>\r\n                            <\/div>\r\n                            <div class=\"mec-content-toggle\" style=\"display: none\">\r\n                                <div class=\"mec-toggle-content\">\r\n                                    <div class=\"mec-wrap colorskin-custom clearfix  mec-modal-wrap\" id=\"mec_skin_2569\" data-unique-id=\"2569\">\r\n    <article class=\"mec-single-event mec-single-modern mec-single-modal\">\r\n        <div class=\"mec-events-event-image\">\r\n                                <\/div>\r\n\r\n        <div class=\"col-md-4\">\r\n\r\n            <div class=\"mec-event-meta mec-color-before mec-frontbox mec-util-hidden\">\r\n                \r\n                <!-- Register Booking Button -->\r\n                            <\/div>\r\n\r\n            <!-- Weather Module -->\r\n            \r\n            <!-- QRCode Module -->\r\n            \r\n            <!-- Public Download Module -->\r\n            \r\n            <!-- Local Time Module -->\r\n            \r\n            <div class=\"mec-event-meta mec-color-before mec-frontbox\">\r\n\r\n                                \r\n                \r\n                \r\n                \r\n            <\/div>\r\n\r\n            <!-- Speaker List Module -->\r\n            \r\n            <!-- Attendees List Module -->\r\n            \r\n            <!-- Next Previous Module -->\r\n                    <\/div>\r\n\r\n        <div class=\"col-md-8\">\r\n\r\n            <div class=\"mec-event-content\">\r\n                <div class=\"mec-single-event-description mec-events-content\">\r\n                    \n<p class=\"has-text-align-center has-medium-font-size\"><\/p>\n\n\n\n<figure class=\"wp-block-image size-full\"><img decoding=\"async\" loading=\"lazy\" width=\"720\" height=\"835\" src=\"https:\/\/www.presenceasoi-delchambre.be\/WP\/wp-content\/uploads\/2026\/03\/Annonce-presence-a-soi-mai-2026-e1774885312382.jpg\" alt=\"\" class=\"wp-image-539\" srcset=\"https:\/\/www.presenceasoi-delchambre.be\/WP\/wp-content\/uploads\/2026\/03\/Annonce-presence-a-soi-mai-2026-e1774885312382.jpg 720w, https:\/\/www.presenceasoi-delchambre.be\/WP\/wp-content\/uploads\/2026\/03\/Annonce-presence-a-soi-mai-2026-e1774885312382-259x300.jpg 259w\" sizes=\"auto, (max-width: 720px) 100vw, 720px\" \/><\/figure>\n\n\n\n<hr class=\"wp-block-separator has-css-opacity is-style-default\" \/>\n\n\n\n<p><br>Inscription:  <br>       Par email:   <a href=\"mailto:presenceasoi.delchambre@gmail.com\" data-type=\"mailto\" data-id=\"mailto:presenceasoi.delchambre@gmail.com\"><strong>presenceasoi.delchambre@gmail.com<\/strong><\/a><br>       Via Facebook:    <a href=\"https:\/\/www.facebook.com\/md.in.presence\" target=\"_blank\" rel=\"noreferrer noopener\"><strong>https:\/\/www.facebook.com\/md.in.presence<\/strong><\/a><\/p>\n\n\n\n<p>Pour plus d&rsquo;information, n&rsquo;h\u00e9sitez pas \u00e0 me <a href=\"mailto:presenceasoi.delchambre@gmail.com\" data-type=\"mailto\" data-id=\"mailto:presenceasoi.delchambre@gmail.com\"><strong>contacter<\/strong><\/a><\/p>\n\n\n\n<p><\/p>\n                                    <\/div>\r\n            <\/div>\r\n\r\n            \r\n            <!-- Custom Data Fields -->\r\n            \r\n            <!-- Links Module -->\r\n            \r\n            <!-- Google Maps Module -->\r\n            <div class=\"mec-events-meta-group mec-events-meta-group-gmap\">\r\n                            <\/div>\r\n\r\n            <!-- Export Module -->\r\n            \r\n            <!-- Hourly Schedule -->\r\n            \r\n            \t\t\t<!-- Booking Module -->\r\n            \r\n            <!-- Tags -->\r\n            <div class=\"mec-events-meta-group mec-events-meta-group-tags\">\r\n                            <\/div>\r\n\r\n        <\/div>\r\n    <\/article>\r\n<\/div>\r\n<script>\r\n\/\/ Fix modal speaker in some themes\r\njQuery(\"#mec_skin_2569 .mec-speaker-avatar a\").on('click', function(e)\r\n{\r\n    e.preventDefault();\r\n\r\n    var id = jQuery(this).attr('href');\r\n    lity(id);\r\n});\r\n<\/script>                                <\/div>\r\n                            <\/div>\r\n                        <\/div><!-- toggle item end -->\r\n                    <\/div><!-- toggles wrap end -->\r\n                            <\/article>\r\n            \t\t\t<\/div>\r\n<\/div>\r\n\r\n    <\/div>\r\n    <div class=\"mec-skin-list-no-events-container mec-util-hidden\" id=\"mec_skin_no_events_222\">\r\n        Pas d&#039;\u00e9v\u00e9nement actuellement programm\u00e9.    <\/div>\r\n        \r\n        \r\n<\/div><\/p>\n\n\n\n<div style=\"height:259px\" aria-hidden=\"true\" class=\"wp-block-spacer\"><\/div>\n","protected":false},"excerpt":{"rendered":"","protected":false},"author":1,"featured_media":0,"parent":0,"menu_order":0,"comment_status":"closed","ping_status":"closed","template":"","meta":{"footnotes":""},"class_list":["post-12","page","type-page","status-publish","hentry"],"_links":{"self":[{"href":"https:\/\/www.presenceasoi-delchambre.be\/WP\/wp-json\/wp\/v2\/pages\/12","targetHints":{"allow":["GET"]}}],"collection":[{"href":"https:\/\/www.presenceasoi-delchambre.be\/WP\/wp-json\/wp\/v2\/pages"}],"about":[{"href":"https:\/\/www.presenceasoi-delchambre.be\/WP\/wp-json\/wp\/v2\/types\/page"}],"author":[{"embeddable":true,"href":"https:\/\/www.presenceasoi-delchambre.be\/WP\/wp-json\/wp\/v2\/users\/1"}],"replies":[{"embeddable":true,"href":"https:\/\/www.presenceasoi-delchambre.be\/WP\/wp-json\/wp\/v2\/comments?post=12"}],"version-history":[{"count":8,"href":"https:\/\/www.presenceasoi-delchambre.be\/WP\/wp-json\/wp\/v2\/pages\/12\/revisions"}],"predecessor-version":[{"id":229,"href":"https:\/\/www.presenceasoi-delchambre.be\/WP\/wp-json\/wp\/v2\/pages\/12\/revisions\/229"}],"wp:attachment":[{"href":"https:\/\/www.presenceasoi-delchambre.be\/WP\/wp-json\/wp\/v2\/media?parent=12"}],"curies":[{"name":"wp","href":"https:\/\/api.w.org\/{rel}","templated":true}]}}